{"id":156,"date":"2020-10-13T13:29:12","date_gmt":"2020-10-13T11:29:12","guid":{"rendered":"http:\/\/kamel.home.amu.edu.pl\/?page_id=156"},"modified":"2024-03-26T13:33:01","modified_gmt":"2024-03-26T12:33:01","slug":"patrycja-bakowska","status":"publish","type":"page","link":"http:\/\/kamel.home.amu.edu.pl\/?page_id=156","title":{"rendered":"Patrycja B\u0105kowska"},"content":{"rendered":"<p><img decoding=\"async\" loading=\"lazy\" class=\"size-medium wp-image-155\" src=\"http:\/\/kamel.home.amu.edu.pl\/wp-content\/uploads\/2020\/10\/dr-Patrycja-Bakowska-228x300.jpg\" alt=\"\" width=\"228\" height=\"300\" srcset=\"http:\/\/kamel.home.amu.edu.pl\/wp-content\/uploads\/2020\/10\/dr-Patrycja-Bakowska-228x300.jpg 228w, http:\/\/kamel.home.amu.edu.pl\/wp-content\/uploads\/2020\/10\/dr-Patrycja-Bakowska-779x1024.jpg 779w, http:\/\/kamel.home.amu.edu.pl\/wp-content\/uploads\/2020\/10\/dr-Patrycja-Bakowska-768x1010.jpg 768w, http:\/\/kamel.home.amu.edu.pl\/wp-content\/uploads\/2020\/10\/dr-Patrycja-Bakowska-1168x1536.jpg 1168w, http:\/\/kamel.home.amu.edu.pl\/wp-content\/uploads\/2020\/10\/dr-Patrycja-Bakowska.jpg 1317w\" sizes=\"(max-width: 228px) 100vw, 228px\" \/><\/p>\n<p>&nbsp;<\/p>\n<p><span style=\"font-size: 14pt;\"><strong>dr Patrycja B\u0105kowska<\/strong><\/span><\/p>\n<p>&nbsp;<\/p>\n<p style=\"text-align: justify;\">Absolwentka pozna\u0144skiej filologii polskiej oraz Interdyscyplinarnych studi\u00f3w doktoranckich w zakresie translatologii i komparatystyki literatur i j\u0119zyk\u00f3w s\u0142owia\u0144skich przy WFPiK UAM. Zajmuje si\u0119 literatur\u0105 i kultur\u0105 o\u015bwiecenia ze szczeg\u00f3lnym uwzgl\u0119dnieniem dokonuj\u0105cych si\u0119 w jego obr\u0119bie przemian antropologicznych, to\u017csamo\u015bciowych i estetycznych. W badaniach naukowych stara si\u0119 korzysta\u0107 z metodologii oferowanych przez wsp\u00f3\u0142czesn\u0105 humanistyk\u0119. Nale\u017cy do Polskiego Towarzystwa Bada\u0144 nad Wiekiem Osiemnastym. Prac\u0119 doktorsk\u0105 pt. <em>Formy ekspresji podmiotowo\u015bci nowoczesnej. To\u017csamo\u015b\u0107 indywidualna i zbiorowa w poezji polskiej schy\u0142ku XVIII i pocz\u0105tku XIX wieku <\/em>napisa\u0142a pod kierunkiem prof. dr hab. Barbary Judkowiak i dra hab. Macieja Parkitnego (w 2019 r. otrzyma\u0142a za ni\u0105 nagrod\u0119 g\u0142\u00f3wn\u0105 w Konkursie Polskiego Towarzystwa Bada\u0144 nad Wiekiem Osiemnastym na najlepsz\u0105 rozpraw\u0119 doktorsk\u0105 po\u015bwi\u0119con\u0105 osiemnastemu wiekowi).<\/p>\n<p style=\"text-align: justify;\">Autorka artyku\u0142\u00f3w w czasopismach i tomach zbiorowych, wsp\u00f3\u0142redaktorka numeru tematycznego \u201ePodtekst\u00f3w. Czasopisma Kulturalno-Naukowego\u201d (2017: <em>Powroty<\/em>). Wzi\u0119\u0142a udzia\u0142 w kilkunastu konferencjach. Jako wykonawca uczestniczy w kierowanym przez prof. dr hab. Teres\u0119 Kostkiewiczow\u0105 grancie NPRH <em>S\u0142ownik polskiej krytyki literackiej XIX wieku. 1764-1918 (cz. 2: Has\u0142a osobowe)<\/em>.<\/p>\n<p>&nbsp;<\/p>\n<p style=\"text-align: justify;\"><strong>Ksi\u0105\u017cka autorska:<\/strong><\/p>\n<p style=\"text-align: justify;\">P. B\u0105kowska, <em>Formy ekspresji podmiotowo\u015bci nowoczesnej. To\u017csamo\u015b\u0107 indywidualna i zbiorowa w\u00a0poezji polskiej schy\u0142ku XVIII i pocz\u0105tku XIX wieku<\/em>, Wydawnictwo Naukowe UMK, Toru\u0144 2021, \u201eMonografie Fundacji na rzecz Nauki Polskiej\u201d, ss. 431.<\/p>\n<p>&nbsp;<\/p>\n<p style=\"text-align: justify;\"><strong>Rozdzia\u0142y w ksi\u0105\u017ckach zbiorowych i artyku\u0142y:<\/strong><\/p>\n<p style=\"text-align: justify;\">P. B\u0105kowska, <em>Realizacja projektu \u201ecz\u0142owieka czu\u0142ego\u201d w \u201eDzienniku wojskowym z 1813 r.\u201d i \u201eWspomnieniach mojej m\u0142odo\u015bci\u201d Kazimierza Brodzi\u0144skiego<\/em>, \u201ePrzestrzenie Teorii\u201d 2023, s. 141-159.<\/p>\n<p style=\"text-align: justify;\">P. B\u0105kowska, <em>O konieczno\u015bci dyskusji nad o\u015bwieceniem<\/em> [rec.: S\u0142awomir Kufel, <em>Polski projekt. O\u015bwiecenie w I Rzeczypospolitej<\/em>, Warszawa 2021], \u201eWiek O\u015bwiecenia\u201d 39 (2023), s. 143-153.<\/p>\n<p style=\"text-align: justify;\">P. B\u0105kowska, <em>Anthropological projects of the Enlightenment \u2013 between universality and peculiarity of the early stage of Polish modernity<\/em>, \u201eYearbook of the Society for 18<sup>th<\/sup> Century Studies on South Eastern Europe\u201d 2023, s. 33-38.<\/p>\n<p style=\"text-align: justify;\">P. B\u0105kowska, <em>Co to jest gotycyzm?<\/em> [rec.: <em>Gotycyzm w literaturze i\u00a0kulturze lat 1760-1830<\/em>, pod red. M. Cie\u0144skiego i P. Pluty, Warszawa 2022], \u201ePami\u0119tnik Literacki\u201d 2022, z. 3, s. 277-284.<\/p>\n<p style=\"text-align: justify;\">P. B\u0105kowska, <em>El\u017cbiety Dru\u017cbackiej pochwa\u0142a Boga \u201ew czterech cz\u0119\u015bciach roku\u201d<\/em>, \u201eKronika Miasta Poznania\u201d 2022, z. 3, s. 17-30.<\/p>\n<p style=\"text-align: justify;\">P. B\u0105kowska, <em>Przestrze\u0144 rustykalna w \u201eListach o wsi\u201d Cypriana Godebskiego \u2013 propozycja lektury<\/em>, \u201eNapis\u201d 2021, t. XXVII, s. 75-92.<\/p>\n<p style=\"text-align: justify;\">P. B\u0105kowska, <em>Apoteoza \u201etwarzy autentycznej\u201d \u2013 o \u201eGrenadierze-filozofie\u201d Cypriana Godebskiego. Uwagi wst\u0119pne<\/em>, \u201ePami\u0119tnik Literacki\u201d 2020, z. 1, s. 171-183.<\/p>\n<p style=\"text-align: justify;\">P. B\u0105kowska, <em>Konstrukcje podmiotu lirycznego w poezji Stanis\u0142awa Kostki Potockiego (uwagi wst\u0119pne)<\/em>, [w:] <em>O spu\u015bci\u017anie literackiej Stanis\u0142awa Kostki Potockiego. Studia i szkice<\/em>, pod red. D. Folgi-Januszewskiej i T. Chachulskiego, Warszawa 2018, s. 99-108.<\/p>\n<p style=\"text-align: justify;\">P. B\u0105kowska, <em>Kondycja podmiotu wobec upadku Rzeczypospolitej. \u201eTreny\u201d J\u00f3zefa Morelowskiego<\/em>, \u201eZeszyty Naukowe Katolickiego Uniwersytetu Lubelskiego\u201d, nr 60, 2018, s. 399-414.<\/p>\n<p style=\"text-align: justify;\">P. B\u0105kowska, <em>Ekspresja podmiotowo\u015bci w \u201eBardzie polskim\u201d Adama Jerzego Czartoryskiego<\/em>, \u201eWiek O\u015bwiecenia\u201d 33 (2017), s. 251-274.<\/p>\n<p style=\"text-align: justify;\">P. B\u0105kowska, <em>Sen, poezja i autobiografizm \u2013 Hugona Ko\u0142\u0142\u0105taja \u201eNad snami, czyli nad marzeniami nocnymi moje uwagi\u2026\u201d (rozpoznania wst\u0119pne)<\/em>, [w:] <em>Sen, marzenie, za\u015bwiaty w literaturze i kulturze<\/em>, t. 1, pod red. M. Kurana, \u0141\u00f3d\u017a 2017, s. 255-262.<\/p>\n<p style=\"text-align: justify;\">P. B\u0105kowska, <em>\u201eBy\u0142bym sp\u0142on\u0105\u0142 jak plewa\u201d \u2013 dystans i autokreacja w \u201ePrzypadkach niekt\u00f3rych\u201d J\u00f3zefa Andrzeja Za\u0142uskiego,<\/em> \u201ePami\u0119tnik Literacki\u201d 2016, z. 1, s. 7-26.<\/p>\n<p style=\"text-align: justify;\">P. B\u0105kowska, <em>Poezje wi\u0119zienne Hugona Ko\u0142\u0142\u0105taja na tle przemian estetycznych i filozoficznych XVIII wieku<\/em>, [w:] <em>Obszary polonistyki 2. J\u0119zyk \u2013 kultura \u2013 literatura<\/em>, pod red. E. Oronowicz-Kidy, A.\u00a0Myszki, Rzesz\u00f3w 2016, s. 57-67.<\/p>\n<p style=\"text-align: justify;\">P. B\u0105kowska, <em>Oswajanie obco\u015bci \u2013<\/em> <em>\u201ePami\u0119\u0107 dzie\u0142 polskich, podr\u00f3\u017c i niepomy\u015blny sukces Polak\u00f3w\u201d Karola Lubicz-Chojeckiego<\/em>, [w:] <em>Obce przestrzenie. Wsch\u00f3d \u2013 Rosja \u2013 Konteksty<\/em>, pod red. M.\u00a0Jedli\u0144skiego i K. Witczaka, Bydgoszcz 2016, s. 141-150.<\/p>\n<p style=\"text-align: justify;\">P. B\u0105kowska, <em>Jak dawniej \u201edzia\u0142ano s\u0142owami\u201d? \u2013 kilka refleksji o literaturze staropolskiej<\/em>, [w:] <em>Zwrot performatywny w kulturze. Szkice o obyczajach, literaturze, performansie i ta\u0144cu<\/em>, pod red. M.\u00a0B\u0142aszczak i I. G\u00f3rskiej, Pozna\u0144 2015, s. 37-50.<\/p>\n<p style=\"text-align: justify;\">P. B\u0105kowska, <em>Tradycja i talent indywidualny \u2013 o liryce Rafa\u0142a Wojaczka<\/em>, [w:] <em>Szkice do Wojaczka<\/em>, pod red. P. \u015aliwi\u0144skiego, Krak\u00f3w 2015, s. 25-37.<\/p>\n<p style=\"text-align: justify;\">P. B\u0105kowska, <em>W sarmackim teatrze \u017cycia (nie)codziennego<\/em>, \u201ePrzestrzenie Teorii\u201d, t. 22, 2014, s. 101-116.<\/p>\n<p style=\"text-align: justify;\">P. B\u0105kowska, <em>W poszukiwaniu korzeni romantyzmu \u2013 przypadek Jana Paw\u0142a Woronicza i Adama Mickiewicza<\/em>, [w:] <em>Korzenie romantyzmu. Romantyzm bez granic?<\/em>, pod red. M. Piechoty, M.\u00a0Kalarus, O. Kalarusa, Katowice 2014, s. 69-81.<\/p>\n","protected":false},"excerpt":{"rendered":"<p>&nbsp; dr Patrycja B\u0105kowska &nbsp; Absolwentka pozna\u0144skiej filologii polskiej oraz Interdyscyplinarnych studi\u00f3w doktoranckich w zakresie translatologii i komparatystyki literatur i j\u0119zyk\u00f3w s\u0142owia\u0144skich przy WFPiK UAM. Zajmuje si\u0119 literatur\u0105 i kultur\u0105 o\u015bwiecenia ze szczeg\u00f3lnym uwzgl\u0119dnieniem dokonuj\u0105cych si\u0119 w jego obr\u0119bie przemian antropologicznych, to\u017csamo\u015bciowych i estetycznych. W badaniach naukowych stara si\u0119 korzysta\u0107 z metodologii oferowanych przez wsp\u00f3\u0142czesn\u0105 [&hellip;]<\/p>\n","protected":false},"author":1,"featured_media":0,"parent":0,"menu_order":0,"comment_status":"closed","ping_status":"closed","template":"","meta":[],"_links":{"self":[{"href":"http:\/\/kamel.home.amu.edu.pl\/index.php?rest_route=\/wp\/v2\/pages\/156"}],"collection":[{"href":"http:\/\/kamel.home.amu.edu.pl\/index.php?rest_route=\/wp\/v2\/pages"}],"about":[{"href":"http:\/\/kamel.home.amu.edu.pl\/index.php?rest_route=\/wp\/v2\/types\/page"}],"author":[{"embeddable":true,"href":"http:\/\/kamel.home.amu.edu.pl\/index.php?rest_route=\/wp\/v2\/users\/1"}],"replies":[{"embeddable":true,"href":"http:\/\/kamel.home.amu.edu.pl\/index.php?rest_route=%2Fwp%2Fv2%2Fcomments&post=156"}],"version-history":[{"count":3,"href":"http:\/\/kamel.home.amu.edu.pl\/index.php?rest_route=\/wp\/v2\/pages\/156\/revisions"}],"predecessor-version":[{"id":236,"href":"http:\/\/kamel.home.amu.edu.pl\/index.php?rest_route=\/wp\/v2\/pages\/156\/revisions\/236"}],"wp:attachment":[{"href":"http:\/\/kamel.home.amu.edu.pl\/index.php?rest_route=%2Fwp%2Fv2%2Fmedia&parent=156"}],"curies":[{"name":"wp","href":"https:\/\/api.w.org\/{rel}","templated":true}]}}